{"id":77,"date":"2019-03-30T15:31:04","date_gmt":"2019-03-30T14:31:04","guid":{"rendered":"https:\/\/solawi-viernheim.de\/mesmerize\/"},"modified":"2023-04-02T19:23:41","modified_gmt":"2023-04-02T17:23:41","slug":"mesmerize","status":"publish","type":"page","link":"https:\/\/solawi-viernheim.de\/","title":{"rendered":"Front Page"},"content":{"rendered":"<div  id=\"teaser\" style=\"background-color: rgb(245, 250, 253); background-image: none;\" data-label=\"Teaser\" data-id=\"about-images-right-section-mc\" data-export-id=\"about-images-right-section-mc\" data-bullets-visibility=\"true\" data-category=\"about\" class=\"about-images-right-section-mc content-section content-section-spacing\"><div  class=\"gridContainer\"> <div  class=\"row middle-sm text-center\"><div  class=\"col-sm-5 content-left-sm\" data-type=\"column\"> <h5  class=\"\"><span  style=\"font-weight: 600;\">Solidarische Landwirtschaft Viernheim\n<\/span><span  id=\"_mce_caret\" data-mce-bogus=\"1\" data-mce-type=\"format-caret\"><span  style=\"font-weight: 600;\">\ufeff<\/span><\/span><\/h5><h2  class=\"\" style=\"text-align: right;\"><span  style=\"font-family: Open Sans, arial, helvetica, sans-serif; font-weight: 300;\">Wissen, wo das Gem\u00fcse w\u00e4chst, das man isst. \n<\/span><br ><span  style=\"font-family: Open Sans, arial, helvetica, sans-serif; font-weight: 300;\">Den G\u00e4rtner kennen, der es s\u00e4t, aufzieht und erntet. \n<\/span><br ><span  style=\"font-family: Open Sans, arial, helvetica, sans-serif; font-weight: 300;\">Selbst mitbestimmen, was und wie angebaut wird.<\/span><span  id=\"_mce_caret\" data-mce-bogus=\"1\" data-mce-type=\"format-caret\"><span  style=\"font-family: Open Sans, arial, helvetica, sans-serif; font-weight: 300;\">\ufeff<\/span><\/span><span  id=\"_mce_caret\" data-mce-bogus=\"1\" data-mce-type=\"format-caret\"><span  style=\"font-weight: 300;\">\ufeff<\/span><\/span><\/h2>   <\/div> <div  class=\"col-sm-7 space-bottom-xs\"><div  class=\"image-group-side-3-img\"> <img  decoding=\"async\" class=\"topimg shadow-large\" src=\"https:\/\/solawi-viernheim.de\/wp-content\/uploads\/2019\/04\/cropped-cucumber.jpg\" alt=\"\" title=\"cropped-cucumber.jpg\"> <img  decoding=\"async\" class=\"rightimg shadow-large\" src=\"https:\/\/solawi-viernheim.de\/wp-content\/uploads\/2019\/04\/cropped-varieties-of-kale.jpg\" alt=\"\" title=\"cropped-varieties-of-kale.jpg\"> <div  class=\"leftimg\"> <a  data-cp-link=\"1\" href=\"#\"><img  decoding=\"async\" class=\"shadow-large\" src=\"https:\/\/solawi-viernheim.de\/wp-content\/uploads\/2019\/04\/cropped-tomatoes.jpg\" alt=\"\" title=\"cropped-tomatoes.jpg\"><\/a><\/div> <\/div><\/div> <\/div><\/div> <\/div><div  data-label=\"Was ist Solidarische Landwirtschaft\" data-id=\"content--2\" data-export-id=\"content-8-mc\" data-category=\"content\" class=\"content-8-mc content-section content-section-spacing content-relative\" id=\"was-ist-solidarische-landwirtschaft\" style=\"background-color: rgba(255, 255, 255, 0); background-image: none;\"><div  class=\"section-separator-top\">\n    <svg  xmlns=\"http:\/\/www.w3.org\/2000\/svg\" viewBox=\"0 0 1000 100\" preserveAspectRatio=\"none\" data-separator-name=\"curve-asymmetrical-negative\" class=\"section-separator-top\">\n\t<path  class=\"svg-white-bg\" d=\"M615.2,96.7C240.2,97.8,0,18.9,0,0v100h1000V0C1000,19.2,989.8,96,615.2,96.7z\"><\/path>\n<\/svg>\n<\/div><div  class=\"gridContainer\"><div  data-section-title-area=\"true\" class=\"row text-center\">   <div  class=\"section-title-col\" data-type=\"column\">       <h2  class=\"\">Was ist Solidarische Landwirtschaft<\/h2>       <p  class=\"lead\"><span  style=\"font-weight: 600;\">Die Landwirtschaft \u2013 nicht das einzelne Lebensmittel \u2013 wird finanziert.<\/span><\/p>   <\/div><\/div> <div  class=\"row middle-sm\"><div  class=\"col-sm-6 space-bottom-xs space-top-xs\" data-type=\"column\"> <img  decoding=\"async\" class=\"shadow-large\" src=\"https:\/\/solawi-viernheim.de\/wp-content\/uploads\/2019\/04\/cropped-white-cabbage-2.jpg\" alt=\"\" title=\"cropped-white-cabbage-2.jpg\"><\/div> <div  class=\"col-sm-6\" data-type=\"column\"> <p  class=\"\">In der Solidarischen Landwirtschaft (Solawi) tragen mehrere private Haushalte die Kosten eines landwirtschaftlichen Betriebs, wof\u00fcr sie im Gegenzug dessen Ernteertrag erhalten. Durch den pers\u00f6nlichen Bezug zueinander erfahren sowohl die Erzeuger*innen als auch die Verbraucher*innen die vielf\u00e4ltigen Vorteile einer nicht-industriellen, marktunabh\u00e4ngigen Landwirtschaft.<\/p> <\/div> <\/div><\/div> <\/div>","protected":false},"excerpt":{"rendered":"<p>Solidarische Landwirtschaft Viernheim \ufeffWissen, wo das Gem\u00fcse w\u00e4chst, das man isst. Den G\u00e4rtner kennen, der es s\u00e4t, aufzieht und erntet. Selbst mitbestimmen, was und wie angebaut wird.\ufeff\ufeff Was ist Solidarische&hellip; <br \/> <a class=\"read-more\" href=\"https:\/\/solawi-viernheim.de\/\">Weiterlesen<\/a><\/p>\n","protected":false},"author":2,"featured_media":0,"parent":0,"menu_order":0,"comment_status":"closed","ping_status":"closed","template":"page-templates\/homepage.php","meta":{"ngg_post_thumbnail":0,"footnotes":""},"class_list":["post-77","page","type-page","status-publish","hentry"],"_links":{"self":[{"href":"https:\/\/solawi-viernheim.de\/index.php?rest_route=\/wp\/v2\/pages\/77","targetHints":{"allow":["GET"]}}],"collection":[{"href":"https:\/\/solawi-viernheim.de\/index.php?rest_route=\/wp\/v2\/pages"}],"about":[{"href":"https:\/\/solawi-viernheim.de\/index.php?rest_route=\/wp\/v2\/types\/page"}],"author":[{"embeddable":true,"href":"https:\/\/solawi-viernheim.de\/index.php?rest_route=\/wp\/v2\/users\/2"}],"replies":[{"embeddable":true,"href":"https:\/\/solawi-viernheim.de\/index.php?rest_route=%2Fwp%2Fv2%2Fcomments&post=77"}],"version-history":[{"count":15,"href":"https:\/\/solawi-viernheim.de\/index.php?rest_route=\/wp\/v2\/pages\/77\/revisions"}],"predecessor-version":[{"id":1747,"href":"https:\/\/solawi-viernheim.de\/index.php?rest_route=\/wp\/v2\/pages\/77\/revisions\/1747"}],"wp:attachment":[{"href":"https:\/\/solawi-viernheim.de\/index.php?rest_route=%2Fwp%2Fv2%2Fmedia&parent=77"}],"curies":[{"name":"wp","href":"https:\/\/api.w.org\/{rel}","templated":true}]}}