{"id":148,"date":"2019-03-31T21:18:04","date_gmt":"2019-03-31T19:18:04","guid":{"rendered":"https:\/\/solawi-viernheim.de\/?page_id=148"},"modified":"2019-05-09T21:53:24","modified_gmt":"2019-05-09T19:53:24","slug":"wer-sind-wir","status":"publish","type":"page","link":"https:\/\/solawi-viernheim.de\/?page_id=148","title":{"rendered":"Wer sind wir?"},"content":{"rendered":"\n<p class=\"has-medium-font-size\"><strong>Wissen wo das Gem\u00fcse w\u00e4chst, das man isst. Den G\u00e4rtner kennen, der es s\u00e4t, aufzieht und erntet. Selbst mitbestimmen, was und wie angebaut wird. <\/strong><\/p>\n\n\n\n<p style=\"font-size:18px;text-align:left\">Ein gro\u00dfer Teil der Landwirtschaft wird heute \u00fcber die M\u00e4rkte geregelt und durch EU-F\u00f6rderungen beeinflusst. Die Ernte ist vorwiegend Wirtschaftsgut. Dass sie die Grundlage unserer Ern\u00e4hrung ist, gesund, schmackhaft und abwechslungsreich sein sollte, wird dabei manchmal vergessen. Oft ist mit der Massenproduktion eine Ausbeutung von B\u00f6den, Tieren, und den Landwirten selbst verbunden. Insektensterben, Vogelsterben, verseuchtes Grundwasser, verfestigte B\u00f6den sind die Folgen. Daf\u00fcr bekommt man meist gespritztes Obst und Gem\u00fcse als oft geschmacksarme Massenware. Eine Loose-Loose-Situation.<\/p>\n\n\n\n<p class=\"has-medium-font-size\"><strong>Die Solidarische Landwirtschaft bietet eine Alternative<\/strong><\/p>\n\n\n\n<p style=\"font-size:18px\">In der Solidarischen Landwirtschaft, abgek\u00fcrzt Solawi, bestimmen die Mitglieder selbst, wie und was angebaut wird, meist in \u00f6kologischer und biologischer Landwirtschaft. Die Ernte wird nicht \u00fcber den Markt vertrieben, sondern zu gleichen Teilen an die Mitglieder abgegeben, die einen Ernteanteil erworben haben. In der Solawi Viernheim finanzieren die Mitglieder mit ihrem Beitrag einen G\u00e4rtner, der in ihrem Auftrag die gew\u00fcnschten Gem\u00fcsesorten anbaut. Das Ganze auf einem Feld in Viernheim.<\/p>\n\n\n\n<h3 class=\"wp-block-heading\">Wie kann ich teilnehmen?<\/h3>\n\n\n\n<p style=\"font-size:18px\">Schreib uns einfach \u00fcber das <a href=\"https:\/\/solawi-viernheim.de\/kontakt\"><strong>Kontaktformular<\/strong><\/a>. Wir melden uns baldm\u00f6glichst zur\u00fcck.<\/p>\n","protected":false},"excerpt":{"rendered":"<p>Wissen wo das Gem\u00fcse w\u00e4chst, das man isst. Den G\u00e4rtner kennen, der es s\u00e4t, aufzieht und erntet. Selbst mitbestimmen, was und wie angebaut wird. Ein gro\u00dfer Teil der Landwirtschaft wird&hellip; <br \/> <a class=\"read-more\" href=\"https:\/\/solawi-viernheim.de\/?page_id=148\">Weiterlesen<\/a><\/p>\n","protected":false},"author":2,"featured_media":0,"parent":0,"menu_order":0,"comment_status":"closed","ping_status":"closed","template":"page-templates\/page-with-right-sidebar.php","meta":{"ngg_post_thumbnail":0,"footnotes":""},"class_list":["post-148","page","type-page","status-publish","hentry"],"_links":{"self":[{"href":"https:\/\/solawi-viernheim.de\/index.php?rest_route=\/wp\/v2\/pages\/148","targetHints":{"allow":["GET"]}}],"collection":[{"href":"https:\/\/solawi-viernheim.de\/index.php?rest_route=\/wp\/v2\/pages"}],"about":[{"href":"https:\/\/solawi-viernheim.de\/index.php?rest_route=\/wp\/v2\/types\/page"}],"author":[{"embeddable":true,"href":"https:\/\/solawi-viernheim.de\/index.php?rest_route=\/wp\/v2\/users\/2"}],"replies":[{"embeddable":true,"href":"https:\/\/solawi-viernheim.de\/index.php?rest_route=%2Fwp%2Fv2%2Fcomments&post=148"}],"version-history":[{"count":8,"href":"https:\/\/solawi-viernheim.de\/index.php?rest_route=\/wp\/v2\/pages\/148\/revisions"}],"predecessor-version":[{"id":333,"href":"https:\/\/solawi-viernheim.de\/index.php?rest_route=\/wp\/v2\/pages\/148\/revisions\/333"}],"wp:attachment":[{"href":"https:\/\/solawi-viernheim.de\/index.php?rest_route=%2Fwp%2Fv2%2Fmedia&parent=148"}],"curies":[{"name":"wp","href":"https:\/\/api.w.org\/{rel}","templated":true}]}}